{"id":153,"date":"2020-09-17T18:59:36","date_gmt":"2020-09-17T18:59:36","guid":{"rendered":"http:\/\/gto-leon-es1717.homelinux.com:8090\/?page_id=153"},"modified":"2020-12-11T17:45:19","modified_gmt":"2020-12-11T23:45:19","slug":"foros","status":"publish","type":"page","link":"http:\/\/megagas.ddns.net:8091\/?page_id=153","title":{"rendered":"Foros"},"content":{"rendered":"\t\t<div data-elementor-type=\"wp-page\" data-elementor-id=\"153\" class=\"elementor elementor-153\">\n\t\t\t\t\t\t\t\t\t<section class=\"elementor-section elementor-top-section elementor-element elementor-element-1fee802 elementor-section-height-min-height elementor-section-boxed elementor-section-height-default elementor-section-items-middle\" data-id=\"1fee802\" data-element_type=\"section\" data-settings=\"{&quot;background_background&quot;:&quot;classic&quot;}\">\n\t\t\t\t\t\t\t<div class=\"elementor-background-overlay\"><\/div>\n\t\t\t\t\t\t\t<div class=\"elementor-container elementor-column-gap-default\">\n\t\t\t\t\t<div class=\"elementor-column elementor-col-50 elementor-top-column elementor-element elementor-element-b54e41c\" data-id=\"b54e41c\" data-element_type=\"column\" data-settings=\"{&quot;background_background&quot;:&quot;classic&quot;}\">\n\t\t\t<div class=\"elementor-widget-wrap\">\n\t\t\t\t\t<div class=\"elementor-background-overlay\"><\/div>\n\t\t\t\t\t\t\t\t\t<\/div>\n\t\t<\/div>\n\t\t\t\t<div class=\"elementor-column elementor-col-50 elementor-top-column elementor-element elementor-element-3d75d9f\" data-id=\"3d75d9f\" data-element_type=\"column\" data-settings=\"{&quot;background_background&quot;:&quot;slideshow&quot;,&quot;background_slideshow_gallery&quot;:[{&quot;id&quot;:598,&quot;url&quot;:&quot;http:\\\/\\\/megagas.ddns.net:8091\\\/wp-content\\\/uploads\\\/2020\\\/12\\\/back_header.jpg&quot;}],&quot;background_slideshow_loop&quot;:&quot;yes&quot;,&quot;background_slideshow_slide_duration&quot;:5000,&quot;background_slideshow_slide_transition&quot;:&quot;fade&quot;,&quot;background_slideshow_transition_duration&quot;:500}\">\n\t\t\t<div class=\"elementor-widget-wrap elementor-element-populated\">\n\t\t\t\t\t\t\t\t<div class=\"elementor-element elementor-element-880d0f7 elementor-view-default elementor-widget elementor-widget-icon\" data-id=\"880d0f7\" data-element_type=\"widget\" data-widget_type=\"icon.default\">\n\t\t\t\t<div class=\"elementor-widget-container\">\n\t\t\t\t\t<div class=\"elementor-icon-wrapper\">\n\t\t\t<div class=\"elementor-icon\">\n\t\t\t<svg xmlns=\"http:\/\/www.w3.org\/2000\/svg\" xmlns:xlink=\"http:\/\/www.w3.org\/1999\/xlink\" viewBox=\"0 0 655.16 482.27\"><defs><style>.cls-1{fill:url(#Degradado_sin_nombre_25);}.cls-2{fill:#e0e0e0;}.cls-2,.cls-6{opacity:0.3;}.cls-3{fill:#9e9e9e;}.cls-3,.cls-4{opacity:0.1;}.cls-5{fill:url(#Degradado_sin_nombre_8);}.cls-6{fill:#ffeb99;}.cls-7{fill:#fff;}.cls-8{fill:#333;}<\/style><linearGradient id=\"Degradado_sin_nombre_25\" x1=\"314.66\" y1=\"398.41\" x2=\"16.85\" y2=\"141.87\" gradientUnits=\"userSpaceOnUse\"><stop offset=\"0\" stop-color=\"#ddd\"><\/stop><stop offset=\"1\" stop-color=\"#fff\"><\/stop><\/linearGradient><linearGradient id=\"Degradado_sin_nombre_8\" x1=\"316.56\" y1=\"317.31\" x2=\"615.48\" y2=\"156.82\" gradientUnits=\"userSpaceOnUse\"><stop offset=\"0\" stop-color=\"#ff4200\"><\/stop><stop offset=\"0.73\" stop-color=\"#ffd500\"><\/stop><\/linearGradient><\/defs><g id=\"Capa_2\" data-name=\"Capa 2\"><g id=\"Capa_2-2\" data-name=\"Capa 2\"><path class=\"cls-1\" d=\"M62.36,390.65A196,196,0,0,1,0,247.06C0,138.51,88,50.52,196.53,50.52s196.53,88,196.53,196.54-88,196.53-196.53,196.53a196.46,196.46,0,0,1-53.46-7.37l-89.76,46Z\"><\/path><path class=\"cls-2\" d=\"M196.53,50.52a195.7,195.7,0,0,1,87.8,20.67c-19.42,135-132.67,239.65-271.54,245.73A196,196,0,0,1,0,247.06C0,138.51,88,50.52,196.53,50.52Z\"><\/path><path class=\"cls-3\" d=\"M0,247.06A195.8,195.8,0,0,0,51.8,380c94.74-79.11,126.61-208.4,85.08-320.24A196.61,196.61,0,0,0,0,247.06Z\"><\/path><path class=\"cls-4\" d=\"M290.63,99.27A194.1,194.1,0,0,0,346,374.92,175,175,0,0,0,290.63,99.27Z\"><\/path><path class=\"cls-5\" d=\"M592.8,340.12a196,196,0,0,0,62.36-143.59C655.16,88,567.17,0,458.63,0S262.1,88,262.1,196.53s88,196.53,196.53,196.53a196.85,196.85,0,0,0,53.46-7.36l89.76,46.05Z\"><\/path><path class=\"cls-6\" d=\"M458.63,0a195.7,195.7,0,0,0-87.8,20.67c19.42,135,132.67,239.64,271.54,245.73a196.07,196.07,0,0,0,12.79-69.87C655.16,88,567.17,0,458.63,0Z\"><\/path><circle class=\"cls-7\" cx=\"387.75\" cy=\"197.03\" r=\"18.84\"><\/circle><circle class=\"cls-7\" cx=\"458.63\" cy=\"197.03\" r=\"18.84\"><\/circle><circle class=\"cls-7\" cx=\"529.5\" cy=\"197.03\" r=\"18.84\"><\/circle><circle class=\"cls-8\" cx=\"233.68\" cy=\"251.51\" r=\"14.89\"><\/circle><circle class=\"cls-8\" cx=\"177.69\" cy=\"251.51\" r=\"14.89\"><\/circle><circle class=\"cls-8\" cx=\"121.7\" cy=\"251.51\" r=\"14.89\"><\/circle><\/g><\/g><\/svg>\t\t\t<\/div>\n\t\t<\/div>\n\t\t\t\t<\/div>\n\t\t\t\t<\/div>\n\t\t\t\t<div class=\"elementor-element elementor-element-f007c8c elementor-widget elementor-widget-heading\" data-id=\"f007c8c\" data-element_type=\"widget\" data-widget_type=\"heading.default\">\n\t\t\t\t<div class=\"elementor-widget-container\">\n\t\t\t<h2 class=\"elementor-heading-title elementor-size-default\">Foro de Discusi\u00f3n<\/h2>\t\t<\/div>\n\t\t\t\t<\/div>\n\t\t\t\t<div class=\"elementor-element elementor-element-b2002cb elementor-widget elementor-widget-text-editor\" data-id=\"b2002cb\" data-element_type=\"widget\" data-widget_type=\"text-editor.default\">\n\t\t\t\t<div class=\"elementor-widget-container\">\n\t\t\t\t\t\t\tDentro del foro de discusi\u00f3n los invitamos a participar de manera activa y respetuosa, sobre cada opini\u00f3n en los diferentes temas, recuerden que el fin de la creaci\u00f3n del foro de discusi\u00f3n es la participaci\u00f3n de cada uno de ustedes, de tal forma que tengan una mejor comprensi\u00f3n de los cursos.\t\t\t\t\t\t<\/div>\n\t\t\t\t<\/div>\n\t\t\t\t<div class=\"elementor-element elementor-element-b47e89e elementor-align-justify elementor-widget elementor-widget-button\" data-id=\"b47e89e\" data-element_type=\"widget\" data-widget_type=\"button.default\">\n\t\t\t\t<div class=\"elementor-widget-container\">\n\t\t\t\t\t<div class=\"elementor-button-wrapper\">\n\t\t\t<a class=\"elementor-button elementor-button-link elementor-size-lg\" href=\"http:\/\/megagas.ddns.net:8091\/?post_type=forum\">\n\t\t\t\t\t\t<span class=\"elementor-button-content-wrapper\">\n\t\t\t\t\t\t<span class=\"elementor-button-text\">Ingresar al foro<\/span>\n\t\t<\/span>\n\t\t\t\t\t<\/a>\n\t\t<\/div>\n\t\t\t\t<\/div>\n\t\t\t\t<\/div>\n\t\t\t\t\t<\/div>\n\t\t<\/div>\n\t\t\t\t\t\t\t<\/div>\n\t\t<\/section>\n\t\t\t\t\t\t\t<\/div>\n\t\t","protected":false},"excerpt":{"rendered":"<p>Foro de Discusi\u00f3n Dentro del foro de discusi\u00f3n los invitamos a participar de manera activa y respetuosa, sobre cada opini\u00f3n en los diferentes temas, recuerden que el fin de la creaci\u00f3n del foro de discusi\u00f3n es la participaci\u00f3n de cada uno de ustedes, de tal forma que tengan una mejor comprensi\u00f3n de los cursos. Ingresar &#8230; <a title=\"Foros\" class=\"read-more\" href=\"http:\/\/megagas.ddns.net:8091\/?page_id=153\" aria-label=\"M\u00e1s en Foros\">Leer m\u00e1s<\/a><\/p>\n","protected":false},"author":1,"featured_media":0,"parent":0,"menu_order":0,"comment_status":"closed","ping_status":"closed","template":"","meta":{"_bbp_topic_count":0,"_bbp_reply_count":0,"_bbp_total_topic_count":0,"_bbp_total_reply_count":0,"_bbp_voice_count":0,"_bbp_anonymous_reply_count":0,"_bbp_topic_count_hidden":0,"_bbp_reply_count_hidden":0,"_bbp_forum_subforum_count":0},"_links":{"self":[{"href":"http:\/\/megagas.ddns.net:8091\/index.php?rest_route=\/wp\/v2\/pages\/153"}],"collection":[{"href":"http:\/\/megagas.ddns.net:8091\/index.php?rest_route=\/wp\/v2\/pages"}],"about":[{"href":"http:\/\/megagas.ddns.net:8091\/index.php?rest_route=\/wp\/v2\/types\/page"}],"author":[{"embeddable":true,"href":"http:\/\/megagas.ddns.net:8091\/index.php?rest_route=\/wp\/v2\/users\/1"}],"replies":[{"embeddable":true,"href":"http:\/\/megagas.ddns.net:8091\/index.php?rest_route=%2Fwp%2Fv2%2Fcomments&post=153"}],"version-history":[{"count":72,"href":"http:\/\/megagas.ddns.net:8091\/index.php?rest_route=\/wp\/v2\/pages\/153\/revisions"}],"predecessor-version":[{"id":1465,"href":"http:\/\/megagas.ddns.net:8091\/index.php?rest_route=\/wp\/v2\/pages\/153\/revisions\/1465"}],"wp:attachment":[{"href":"http:\/\/megagas.ddns.net:8091\/index.php?rest_route=%2Fwp%2Fv2%2Fmedia&parent=153"}],"curies":[{"name":"wp","href":"https:\/\/api.w.org\/{rel}","templated":true}]}}